{"id":23,"date":"2024-04-24T09:04:36","date_gmt":"2024-04-24T07:04:36","guid":{"rendered":"https:\/\/vfs-fehraltorf.ch\/cms\/?page_id=23"},"modified":"2026-03-15T18:39:23","modified_gmt":"2026-03-15T17:39:23","slug":"verein","status":"publish","type":"page","link":"https:\/\/vfs-fehraltorf.ch\/cms\/","title":{"rendered":"Verein"},"content":{"rendered":"\t\t<div data-elementor-type=\"wp-page\" data-elementor-id=\"23\" class=\"elementor elementor-23\">\n\t\t\t\t<div class=\"elementor-element elementor-element-ba468ed e-flex e-con-boxed e-con e-parent\" data-id=\"ba468ed\" data-element_type=\"container\" data-e-type=\"container\">\n\t\t\t\t\t<div class=\"e-con-inner\">\n\t\t\t\t<div class=\"elementor-element elementor-element-36ddf15 elementor-widget elementor-widget-image\" data-id=\"36ddf15\" data-element_type=\"widget\" data-e-type=\"widget\" data-widget_type=\"image.default\">\n\t\t\t\t<div class=\"elementor-widget-container\">\n\t\t\t\t\t\t\t\t\t\t\t\t\t\t\t<img fetchpriority=\"high\" decoding=\"async\" width=\"940\" height=\"340\" src=\"https:\/\/vfs-fehraltorf.ch\/cms\/wp-content\/uploads\/2024\/04\/177062-Russikon20\u201320592_940x340.jpg\" class=\"attachment-large size-large wp-image-56\" alt=\"\" srcset=\"https:\/\/vfs-fehraltorf.ch\/cms\/wp-content\/uploads\/2024\/04\/177062-Russikon20\u201320592_940x340.jpg 940w, https:\/\/vfs-fehraltorf.ch\/cms\/wp-content\/uploads\/2024\/04\/177062-Russikon20\u201320592_940x340-300x109.jpg 300w, https:\/\/vfs-fehraltorf.ch\/cms\/wp-content\/uploads\/2024\/04\/177062-Russikon20\u201320592_940x340-768x278.jpg 768w\" sizes=\"(max-width: 940px) 100vw, 940px\" \/>\t\t\t\t\t\t\t\t\t\t\t\t\t\t\t<\/div>\n\t\t\t\t<\/div>\n\t\t\t\t\t<\/div>\n\t\t\t\t<\/div>\n\t\t<div class=\"elementor-element elementor-element-9f47041 e-flex e-con-boxed e-con e-parent\" data-id=\"9f47041\" data-element_type=\"container\" data-e-type=\"container\">\n\t\t\t\t\t<div class=\"e-con-inner\">\n\t\t\t\t<div class=\"elementor-element elementor-element-9101f5f elementor-widget elementor-widget-heading\" data-id=\"9101f5f\" data-element_type=\"widget\" data-e-type=\"widget\" data-widget_type=\"heading.default\">\n\t\t\t\t<div class=\"elementor-widget-container\">\n\t\t\t\t\t<h1 class=\"elementor-heading-title elementor-size-default\">Verein<\/h1>\t\t\t\t<\/div>\n\t\t\t\t<\/div>\n\t\t\t\t<div class=\"elementor-element elementor-element-ee02b73 elementor-widget elementor-widget-text-editor\" data-id=\"ee02b73\" data-element_type=\"widget\" data-e-type=\"widget\" data-widget_type=\"text-editor.default\">\n\t\t\t\t<div class=\"elementor-widget-container\">\n\t\t\t\t\t\t\t\t\t<p><strong>Der VFS &#8211; Verein gegen \u00fcberm\u00e4ssigen Flugl\u00e4rm Flugfeld Speck Fehraltorf<br \/><\/strong>setzt sich f\u00fcr einen intakten Lebens- und Erholungsraum im Z\u00fcrcher Oberland ein. der L\u00e4rm aus verschiedensten Quellen nimmt laufend zu,<br \/>beeintr\u00e4chtigt die Lebensqualit\u00e4t und kann sogar gesundheitliche Folgen haben.<br \/>Neben L\u00e4rm produzieren Sportflugzeuge aber auch Abgas und sind, wie einige Unf\u00e4lle in der j\u00fcngsten Vergangenheit gezeigt haben, ein latentes Sicherheitsrisiko. Dazu kommt, dass die \u00fcberwiegende Zahl der Piloten nicht aus der Region stammt in der sie Emissionen verursachen und die T\u00e4tigkeit eine reine Freizeitbesch\u00e4ftigung darstelllt.<\/p>\t\t\t\t\t\t\t\t<\/div>\n\t\t\t\t<\/div>\n\t\t\t\t<div class=\"elementor-element elementor-element-e5dbb1c elementor-widget elementor-widget-text-editor\" data-id=\"e5dbb1c\" data-element_type=\"widget\" data-e-type=\"widget\" data-widget_type=\"text-editor.default\">\n\t\t\t\t<div class=\"elementor-widget-container\">\n\t\t\t\t\t\t\t\t\t<p><strong>Unsere Ziele<br \/><\/strong>Wir vom Verein VFS setzen uns seit Jahren f\u00fcr eine Reduktion des Flugl\u00e4rms vom Flugfeld Speck ein. Wir sind bestrebt in einem konstruktiven Dialog mit der Flugsportgruppe (FGZO) M\u00f6glichkeiten zur Reduktion der L\u00e4rmbel\u00e4stigung zu er-reichen. Wir k\u00f6nnen bereits eine ganze Reihe von Erfolgen verbuchen:<\/p><ul><li>Begrenzug der Anzahl Flugbewegungen<\/li><li>Startverbot in der Mittagszeit von 12:15 bis 13:45 Uhr<\/li><li>Einschr\u00e4nkung der Schulungszeiten<\/li><li>Mitarbeit bei der Festlegung von l\u00e4rm-optimierten Flugrouten<\/li><li>J\u00e4hrliche Aussprache zwischen VFS, der FGZO und der Gemeinde Fehraltorf<\/li><li>Einladung zum Fluglehrer-Meeting<\/li><\/ul><p>\u00a0<\/p><p><strong>Der VFS wird vom BAZL als einspruchsberechtigter Verein anerkannt.<\/strong><\/p>\t\t\t\t\t\t\t\t<\/div>\n\t\t\t\t<\/div>\n\t\t\t\t\t<\/div>\n\t\t\t\t<\/div>\n\t\t<div class=\"elementor-element elementor-element-08ef57d e-flex e-con-boxed e-con e-parent\" data-id=\"08ef57d\" data-element_type=\"container\" data-e-type=\"container\">\n\t\t\t\t\t<div class=\"e-con-inner\">\n\t\t\t\t<div class=\"elementor-element elementor-element-6580cc6 elementor-widget elementor-widget-text-editor\" data-id=\"6580cc6\" data-element_type=\"widget\" data-e-type=\"widget\" data-widget_type=\"text-editor.default\">\n\t\t\t\t<div class=\"elementor-widget-container\">\n\t\t\t\t\t\t\t\t\t<p><strong><span style=\"color: #ffffff;\">Aktuell<\/span><\/strong><br \/><span style=\"color: #ffffff;\">Das Vereinsjahr 2025 war gepr\u00e4gt von regen Diskussionen mit der Flugsportgruppe Z\u00fcrcher Oberland (FGZO) und der Gemeinde Fehraltorf. Der VFS brachte an der GV 2025 unmissverst\u00e4ndlich zum Ausdruck, dass die Qualit\u00e4t der Schulfl\u00fcge auf dem Flugfeld Speck durch die FGZO endlich verbessert werden m\u00fcsse. Es fliegen nachweislich zu viele Piloten nicht im vereinbarten Flugkorridor. Besiedelte Gebiete (Wilhof, T\u00fcfiwis, Speck) werden nach wie vor regelm\u00e4ssig \u00fcberflogen. Wir forderten deshalb Anpassungen bei der zwischen der Gemeinde Fehraltorf, der FGZO und des VFS unterzeichneten Vereinbarung. Die FGZO muss die Verantwortung f\u00fcr die Einhaltung der Flugrouten \u00fcbernehmen und somit die Bev\u00f6lkerung vor zus\u00e4tzlicher L\u00e4rmbelastung sch\u00fctzen.<\/span><\/p>\t\t\t\t\t\t\t\t<\/div>\n\t\t\t\t<\/div>\n\t\t\t\t<div class=\"elementor-element elementor-element-2179c8e elementor-widget elementor-widget-text-editor\" data-id=\"2179c8e\" data-element_type=\"widget\" data-e-type=\"widget\" data-widget_type=\"text-editor.default\">\n\t\t\t\t<div class=\"elementor-widget-container\">\n\t\t\t\t\t\t\t\t\t<p><strong>Mit Strom \u00fcber die Berge fliegen<\/strong><\/p><p>Fluglehrer Marco Buholzer wird wohl der Erste in der Schweiz sein, der mit einem E-Flugzeug Privatpiloten ausbildet. die Emissionsfreie Pipstrel Alpha fliegt effizient vom Flugplatz Sch\u00e4nis aus und bald auch von anderen Flugpl\u00e4tzen<\/p><p>Den ganzen Artikes finden Sie unten im PDF<\/p>\t\t\t\t\t\t\t\t<\/div>\n\t\t\t\t<\/div>\n\t\t\t\t<div class=\"elementor-element elementor-element-7daebe6 elementor-widget elementor-widget-image\" data-id=\"7daebe6\" data-element_type=\"widget\" data-e-type=\"widget\" data-widget_type=\"image.default\">\n\t\t\t\t<div class=\"elementor-widget-container\">\n\t\t\t\t\t\t\t\t\t\t\t\t\t\t\t<img decoding=\"async\" width=\"479\" height=\"678\" src=\"https:\/\/vfs-fehraltorf.ch\/cms\/wp-content\/uploads\/2024\/04\/mit_strom_ueber_die_berge_fliegen_bild.png\" class=\"attachment-large size-large wp-image-74\" alt=\"\" srcset=\"https:\/\/vfs-fehraltorf.ch\/cms\/wp-content\/uploads\/2024\/04\/mit_strom_ueber_die_berge_fliegen_bild.png 479w, https:\/\/vfs-fehraltorf.ch\/cms\/wp-content\/uploads\/2024\/04\/mit_strom_ueber_die_berge_fliegen_bild-212x300.png 212w\" sizes=\"(max-width: 479px) 100vw, 479px\" \/>\t\t\t\t\t\t\t\t\t\t\t\t\t\t\t<\/div>\n\t\t\t\t<\/div>\n\t\t\t\t<div class=\"elementor-element elementor-element-351c1fa elementor-widget elementor-widget-image\" data-id=\"351c1fa\" data-element_type=\"widget\" data-e-type=\"widget\" data-widget_type=\"image.default\">\n\t\t\t\t<div class=\"elementor-widget-container\">\n\t\t\t\t\t\t\t\t\t\t\t\t\t\t\t<img decoding=\"async\" width=\"810\" height=\"280\" src=\"https:\/\/vfs-fehraltorf.ch\/cms\/wp-content\/uploads\/2024\/04\/177071-collage_startseite201.jpg\" class=\"attachment-large size-large wp-image-55\" alt=\"\" srcset=\"https:\/\/vfs-fehraltorf.ch\/cms\/wp-content\/uploads\/2024\/04\/177071-collage_startseite201.jpg 810w, https:\/\/vfs-fehraltorf.ch\/cms\/wp-content\/uploads\/2024\/04\/177071-collage_startseite201-300x104.jpg 300w, https:\/\/vfs-fehraltorf.ch\/cms\/wp-content\/uploads\/2024\/04\/177071-collage_startseite201-768x265.jpg 768w\" sizes=\"(max-width: 810px) 100vw, 810px\" \/>\t\t\t\t\t\t\t\t\t\t\t\t\t\t\t<\/div>\n\t\t\t\t<\/div>\n\t\t\t\t<div class=\"elementor-element elementor-element-637c95a elementor-widget elementor-widget-text-editor\" data-id=\"637c95a\" data-element_type=\"widget\" data-e-type=\"widget\" data-widget_type=\"text-editor.default\">\n\t\t\t\t<div class=\"elementor-widget-container\">\n\t\t\t\t\t\t\t\t\t<p>VFS Fehraltorf<\/p><p>Der Vorstand sucht den regelm\u00e4ssigen Dialog mit der FGZO und trifft sich auch zu Besprechungen. Zudem nahm der VSF wiederrum an der j\u00e4hrlichen Aussprache zwischen FGZO, VFS und der Gemeindevertretern Fehraltorf (Herren W. Ott und M. Wehrli) teil.<\/p><p>Der VFS kann auch immer wieder einmal an den Fluglehrersitzungen der FGZO teilnehmen und dort die Anliegen der VFS einbringen. Thematisiert werden da vor allen die Einhaltung der Volten und l\u00e4rmreduziertes Fliegen.<\/p><p>Um die ideale Voltenroute festzulegen, nahm ein Vorstandsmitglied an Probefl\u00fcgen mit der FGZO teil. Dabei wurde offensichtlich, dass die anvisierten Peilmarken\/Orientierungspunkte neu zu definieren sind.<\/p><p>Nach der Einwilligung der FGZO, der zivilrechtlichen Vereinbarung zwischen der Gemeinde Fehraltorf, der FGZO und dem VFS zuzustimmen hat der VFS den Rekurs gegen Plangenehmigungsverfahren zum Ausbau des Flugfelds Speck zur\u00fcck gezogen (2015).<\/p><p>Die Bewegungszahl des FGZO lag im Jahr 2014 bei ca. 19&#8217;000 Bewegungen. Zugenommen haben die Helikopter- und Fallschirmfl\u00fcge. Auf dem Flugfeld Speck ist ein Heli der Heilflugschule Sitterdorf stationiert. Der VFS wird weiterhin darauf achten, dass die maximale Anzahl der Flugbewegungen nicht \u00fcberschritten wird.<\/p><p>Der VFS hat sich auch strak f\u00fcr die Beschaffung von leiseren Flugzeugen eingesetzt und zeigt sich erfreut \u00fcber die Beschaffung der beiden neuen sehr viel leiseren Schulflugzeugen (Tecnam P2008JC) durch die FGZO und dankt der Flugsportgruppe f\u00fcr diesen wichtigen Schritt zu einer Verringerung der L\u00e4rmbel\u00e4stigung.<\/p><p>Kompromisse sind nur dank dem Guten Einvernehmen des VFS mit der FGZO m\u00f6glich. Der VFS sch\u00e4tzt die angenehme Gespr\u00e4chskultur zwischen den beiden Vereinen.<\/p>\t\t\t\t\t\t\t\t<\/div>\n\t\t\t\t<\/div>\n\t\t\t\t\t<\/div>\n\t\t\t\t<\/div>\n\t\t\t\t<\/div>\n\t\t","protected":false},"excerpt":{"rendered":"<p>Verein Der VFS &#8211; Verein gegen \u00fcberm\u00e4ssigen Flugl\u00e4rm Flugfeld Speck Fehraltorfsetzt sich f\u00fcr einen intakten Lebens- und Erholungsraum im Z\u00fcrcher Oberland ein. der L\u00e4rm aus verschiedensten Quellen nimmt laufend zu,beeintr\u00e4chtigt die Lebensqualit\u00e4t und kann sogar gesundheitliche Folgen haben.Neben L\u00e4rm produzieren Sportflugzeuge aber auch Abgas und sind, wie einige Unf\u00e4lle in der j\u00fcngsten Vergangenheit gezeigt haben,&hellip;&nbsp;<a href=\"https:\/\/vfs-fehraltorf.ch\/cms\/\" rel=\"bookmark\">Weiterlesen &raquo;<span class=\"screen-reader-text\">Verein<\/span><\/a><\/p>\n","protected":false},"author":1,"featured_media":0,"parent":0,"menu_order":0,"comment_status":"closed","ping_status":"closed","template":"page-templates\/template-pagebuilder-full-width.php","meta":{"neve_meta_sidebar":"","neve_meta_container":"","neve_meta_enable_content_width":"","neve_meta_content_width":0,"neve_meta_title_alignment":"","neve_meta_author_avatar":"","neve_post_elements_order":"","neve_meta_disable_header":"","neve_meta_disable_footer":"","neve_meta_disable_title":"","footnotes":""},"class_list":["post-23","page","type-page","status-publish","hentry"],"_links":{"self":[{"href":"https:\/\/vfs-fehraltorf.ch\/cms\/wp-json\/wp\/v2\/pages\/23","targetHints":{"allow":["GET"]}}],"collection":[{"href":"https:\/\/vfs-fehraltorf.ch\/cms\/wp-json\/wp\/v2\/pages"}],"about":[{"href":"https:\/\/vfs-fehraltorf.ch\/cms\/wp-json\/wp\/v2\/types\/page"}],"author":[{"embeddable":true,"href":"https:\/\/vfs-fehraltorf.ch\/cms\/wp-json\/wp\/v2\/users\/1"}],"replies":[{"embeddable":true,"href":"https:\/\/vfs-fehraltorf.ch\/cms\/wp-json\/wp\/v2\/comments?post=23"}],"version-history":[{"count":16,"href":"https:\/\/vfs-fehraltorf.ch\/cms\/wp-json\/wp\/v2\/pages\/23\/revisions"}],"predecessor-version":[{"id":1461,"href":"https:\/\/vfs-fehraltorf.ch\/cms\/wp-json\/wp\/v2\/pages\/23\/revisions\/1461"}],"wp:attachment":[{"href":"https:\/\/vfs-fehraltorf.ch\/cms\/wp-json\/wp\/v2\/media?parent=23"}],"curies":[{"name":"wp","href":"https:\/\/api.w.org\/{rel}","templated":true}]}}