{"id":82,"date":"2024-04-24T10:54:48","date_gmt":"2024-04-24T08:54:48","guid":{"rendered":"https:\/\/vfs-fehraltorf.ch\/cms\/?page_id=82"},"modified":"2026-03-15T18:14:26","modified_gmt":"2026-03-15T17:14:26","slug":"news","status":"publish","type":"page","link":"https:\/\/vfs-fehraltorf.ch\/cms\/news\/","title":{"rendered":"News"},"content":{"rendered":"\t\t<div data-elementor-type=\"wp-page\" data-elementor-id=\"82\" class=\"elementor elementor-82\">\n\t\t\t\t<div class=\"elementor-element elementor-element-db6c47f e-flex e-con-boxed e-con e-parent\" data-id=\"db6c47f\" data-element_type=\"container\" data-e-type=\"container\">\n\t\t\t\t\t<div class=\"e-con-inner\">\n\t\t\t\t<div class=\"elementor-element elementor-element-9bdde77 elementor-widget elementor-widget-image\" data-id=\"9bdde77\" data-element_type=\"widget\" data-e-type=\"widget\" data-widget_type=\"image.default\">\n\t\t\t\t<div class=\"elementor-widget-container\">\n\t\t\t\t\t\t\t\t\t\t\t\t\t\t\t<img fetchpriority=\"high\" decoding=\"async\" width=\"940\" height=\"340\" src=\"https:\/\/vfs-fehraltorf.ch\/cms\/wp-content\/uploads\/2024\/04\/177062-Russikon20\u201320592_940x340.jpg\" class=\"attachment-large size-large wp-image-56\" alt=\"\" srcset=\"https:\/\/vfs-fehraltorf.ch\/cms\/wp-content\/uploads\/2024\/04\/177062-Russikon20\u201320592_940x340.jpg 940w, https:\/\/vfs-fehraltorf.ch\/cms\/wp-content\/uploads\/2024\/04\/177062-Russikon20\u201320592_940x340-300x109.jpg 300w, https:\/\/vfs-fehraltorf.ch\/cms\/wp-content\/uploads\/2024\/04\/177062-Russikon20\u201320592_940x340-768x278.jpg 768w\" sizes=\"(max-width: 940px) 100vw, 940px\" \/>\t\t\t\t\t\t\t\t\t\t\t\t\t\t\t<\/div>\n\t\t\t\t<\/div>\n\t\t\t\t\t<\/div>\n\t\t\t\t<\/div>\n\t\t<div class=\"elementor-element elementor-element-b340172 e-flex e-con-boxed e-con e-parent\" data-id=\"b340172\" data-element_type=\"container\" data-e-type=\"container\">\n\t\t\t\t\t<div class=\"e-con-inner\">\n\t\t\t\t<div class=\"elementor-element elementor-element-067e053 elementor-widget elementor-widget-heading\" data-id=\"067e053\" data-element_type=\"widget\" data-e-type=\"widget\" data-widget_type=\"heading.default\">\n\t\t\t\t<div class=\"elementor-widget-container\">\n\t\t\t\t\t<h1 class=\"elementor-heading-title elementor-size-default\">News<\/h1>\t\t\t\t<\/div>\n\t\t\t\t<\/div>\n\t\t\t\t<div class=\"elementor-element elementor-element-9f50669 elementor-widget elementor-widget-text-editor\" data-id=\"9f50669\" data-element_type=\"widget\" data-e-type=\"widget\" data-widget_type=\"text-editor.default\">\n\t\t\t\t<div class=\"elementor-widget-container\">\n\t\t\t\t\t\t\t\t\t<p><strong><span style=\"color: #ff9900;\">16.04.2026 &#8211;<\/span> <span style=\"color: #ff9900;\">Generalversammlung 2026<\/span><br \/><\/strong>Generalversammlung 2026, 16. April 2026, 19:30 Uhr L\u00e4chbachsaal, Heiget Huus Fehraltorf<br \/>G\u00e4ste, G\u00f6nner und Sympathisanten sind willkommen.<\/p><p>15.05.2024 &#8211; Generalversammlung 2024<br \/>Generalversammlung 2024, 15. Mai 19:30 Uhr L\u00e4chbachsaal, Heiget Huus Fehraltorf<br \/>G\u00e4ste, G\u00f6nner und Sympathisanten sind willkommen.<\/p>\t\t\t\t\t\t\t\t<\/div>\n\t\t\t\t<\/div>\n\t\t\t\t<div class=\"elementor-element elementor-element-381efaa elementor-widget-divider--view-line elementor-widget elementor-widget-divider\" data-id=\"381efaa\" data-element_type=\"widget\" data-e-type=\"widget\" data-widget_type=\"divider.default\">\n\t\t\t\t<div class=\"elementor-widget-container\">\n\t\t\t\t\t\t\t<div class=\"elementor-divider\">\n\t\t\t<span class=\"elementor-divider-separator\">\n\t\t\t\t\t\t<\/span>\n\t\t<\/div>\n\t\t\t\t\t\t<\/div>\n\t\t\t\t<\/div>\n\t\t\t\t\t<\/div>\n\t\t\t\t<\/div>\n\t\t\t\t<\/div>\n\t\t","protected":false},"excerpt":{"rendered":"<p>News 16.04.2026 &#8211; Generalversammlung 2026Generalversammlung 2026, 16. April 2026, 19:30 Uhr L\u00e4chbachsaal, Heiget Huus FehraltorfG\u00e4ste, G\u00f6nner und Sympathisanten sind willkommen. 15.05.2024 &#8211; Generalversammlung 2024Generalversammlung 2024, 15. Mai 19:30 Uhr L\u00e4chbachsaal, Heiget Huus FehraltorfG\u00e4ste, G\u00f6nner und Sympathisanten sind willkommen.<\/p>\n","protected":false},"author":1,"featured_media":0,"parent":0,"menu_order":0,"comment_status":"closed","ping_status":"closed","template":"page-templates\/template-pagebuilder-full-width.php","meta":{"neve_meta_sidebar":"","neve_meta_container":"","neve_meta_enable_content_width":"","neve_meta_content_width":0,"neve_meta_title_alignment":"","neve_meta_author_avatar":"","neve_post_elements_order":"","neve_meta_disable_header":"","neve_meta_disable_footer":"","neve_meta_disable_title":"","footnotes":""},"class_list":["post-82","page","type-page","status-publish","hentry"],"_links":{"self":[{"href":"https:\/\/vfs-fehraltorf.ch\/cms\/wp-json\/wp\/v2\/pages\/82","targetHints":{"allow":["GET"]}}],"collection":[{"href":"https:\/\/vfs-fehraltorf.ch\/cms\/wp-json\/wp\/v2\/pages"}],"about":[{"href":"https:\/\/vfs-fehraltorf.ch\/cms\/wp-json\/wp\/v2\/types\/page"}],"author":[{"embeddable":true,"href":"https:\/\/vfs-fehraltorf.ch\/cms\/wp-json\/wp\/v2\/users\/1"}],"replies":[{"embeddable":true,"href":"https:\/\/vfs-fehraltorf.ch\/cms\/wp-json\/wp\/v2\/comments?post=82"}],"version-history":[{"count":22,"href":"https:\/\/vfs-fehraltorf.ch\/cms\/wp-json\/wp\/v2\/pages\/82\/revisions"}],"predecessor-version":[{"id":1451,"href":"https:\/\/vfs-fehraltorf.ch\/cms\/wp-json\/wp\/v2\/pages\/82\/revisions\/1451"}],"wp:attachment":[{"href":"https:\/\/vfs-fehraltorf.ch\/cms\/wp-json\/wp\/v2\/media?parent=82"}],"curies":[{"name":"wp","href":"https:\/\/api.w.org\/{rel}","templated":true}]}}