{"id":99,"date":"2024-04-24T13:37:24","date_gmt":"2024-04-24T11:37:24","guid":{"rendered":"https:\/\/vfs-fehraltorf.ch\/cms\/?page_id=99"},"modified":"2025-05-04T15:55:37","modified_gmt":"2025-05-04T13:55:37","slug":"ueber-uns","status":"publish","type":"page","link":"https:\/\/vfs-fehraltorf.ch\/cms\/ueber-uns\/","title":{"rendered":"\u00dcber uns"},"content":{"rendered":"\t\t<div data-elementor-type=\"wp-page\" data-elementor-id=\"99\" class=\"elementor elementor-99\">\n\t\t\t\t<div class=\"elementor-element elementor-element-1734d6d e-flex e-con-boxed e-con e-parent\" data-id=\"1734d6d\" data-element_type=\"container\" data-e-type=\"container\">\n\t\t\t\t\t<div class=\"e-con-inner\">\n\t\t\t\t<div class=\"elementor-element elementor-element-3122e87 elementor-widget elementor-widget-image\" data-id=\"3122e87\" data-element_type=\"widget\" data-e-type=\"widget\" data-widget_type=\"image.default\">\n\t\t\t\t<div class=\"elementor-widget-container\">\n\t\t\t\t\t\t\t\t\t\t\t\t\t\t\t<img fetchpriority=\"high\" decoding=\"async\" width=\"940\" height=\"340\" src=\"https:\/\/vfs-fehraltorf.ch\/cms\/wp-content\/uploads\/2024\/04\/177062-Russikon20\u201320592_940x340.jpg\" class=\"attachment-large size-large wp-image-56\" alt=\"\" srcset=\"https:\/\/vfs-fehraltorf.ch\/cms\/wp-content\/uploads\/2024\/04\/177062-Russikon20\u201320592_940x340.jpg 940w, https:\/\/vfs-fehraltorf.ch\/cms\/wp-content\/uploads\/2024\/04\/177062-Russikon20\u201320592_940x340-300x109.jpg 300w, https:\/\/vfs-fehraltorf.ch\/cms\/wp-content\/uploads\/2024\/04\/177062-Russikon20\u201320592_940x340-768x278.jpg 768w\" sizes=\"(max-width: 940px) 100vw, 940px\" \/>\t\t\t\t\t\t\t\t\t\t\t\t\t\t\t<\/div>\n\t\t\t\t<\/div>\n\t\t\t\t\t<\/div>\n\t\t\t\t<\/div>\n\t\t<div class=\"elementor-element elementor-element-b46962c e-flex e-con-boxed e-con e-parent\" data-id=\"b46962c\" data-element_type=\"container\" data-e-type=\"container\">\n\t\t\t\t\t<div class=\"e-con-inner\">\n\t\t\t\t<div class=\"elementor-element elementor-element-d9a4c4f elementor-widget elementor-widget-heading\" data-id=\"d9a4c4f\" data-element_type=\"widget\" data-e-type=\"widget\" data-widget_type=\"heading.default\">\n\t\t\t\t<div class=\"elementor-widget-container\">\n\t\t\t\t\t<h1 class=\"elementor-heading-title elementor-size-default\">\u00dcber uns<\/h1>\t\t\t\t<\/div>\n\t\t\t\t<\/div>\n\t\t\t\t<div class=\"elementor-element elementor-element-49d125e elementor-widget elementor-widget-text-editor\" data-id=\"49d125e\" data-element_type=\"widget\" data-e-type=\"widget\" data-widget_type=\"text-editor.default\">\n\t\t\t\t<div class=\"elementor-widget-container\">\n\t\t\t\t\t\t\t\t\t<p>WESHALB BRAUCHT ES EINEN VEREIN GEGN FLUGL\u00c4RM FLUGFELD SPECK?<br \/><br \/>Seit dem Hangarneubau haben sich die Aktivit\u00e4ten auf dem Flugfeld Speck stetig entwickelt. Stark zugenommen hat vor allem die Schulung, was zu vermehrten L\u00e4rmbel\u00e4stigungen f\u00fchrte. Im selben Zeitraum wurde die Infrastuktur des Flugplatzes Schritt um Schritt erweitert.<br \/><br \/>Unsere Aktivit\u00e4ten \u00fcber die letzten Jahre haben zweifelsohne zu einer substantiellen Verbesserung der L\u00e4rmsituation gef\u00fchrt und es ist verst\u00e4ndlich, dass mit abnehmender L\u00e4rmbel\u00e4stigung auch das Engagement f\u00fcr weitere Verbesserungen nachl\u00e4sst. Wir verstehen uns aber als einen kritischen und konstruktiven Gegenpart zur Flugsportgruppe. Sollte diese Gegenkraft nicht mehr existieren, so ist zu erwarten, dass \u00fcber kurz oder lang wiederrum die Verh\u00e4ltnisse einkehren wieder verschlechtern w\u00fcrden.<br \/><br \/>Diese Erfolge k\u00f6nnen aber nicht dar\u00fcber hinwegt\u00e4uschen, dass noch eine ganze Reihe von Problemen anstehen:<\/p><ul><li>Eine Massierung von Flugbewegungen an sch\u00f6nen Wochenenden, die man auch gerne im Garten verbringt.<\/li><li>Einhaltung der Flugrouten. Dies ist ein permanentes Problem, welches der Bev\u00f6lkerung viel unn\u00f6tigen Flugl\u00e4rm beschert! Es kommen immer wieder gravierende Abweichungen, auch gegen die minimal zul\u00e4ssige Flugh\u00f6he.<\/li><li>Ein besonders grosser Problem sind die Fallschirmspringer des Skydive Vereins. Das eingesetzte Flugzeug, das die Springer auf eine H\u00f6he bis 3&#8217;000m bringt, ist extrem laut und hat zudem einen sehr unangenehmen Motorenton. Bis die Sprungh\u00f6he erricht ist, beschallt es sehr lange ein riesiges Gebiet. Wenn dann noch an Feiertagen oder Sonn-tagen und bis sp\u00e4tabends gesprungen wird, muss man sich wirklich fragen, warum einige wenige ihr sehr st\u00f6rendes Freizeitvergn\u00fcgen in einem dicht besiedelten Wohn- und Erholungsgebiet ausf\u00fchren d\u00fcrfen.<\/li><\/ul><p><br \/><br \/>Unsere Forderungen:<br \/><br \/><strong>Allgemein<\/strong><br \/>&#8211; Weitere Reduktion des Flugl\u00e4rms durch:<br \/>&#8211; Einhaltung der Flugvolten und -h\u00f6hen<br \/>&#8211; Ersatz lauter Flugzeuge durch leisere<br \/>-Eingeschr\u00e4nkte Flugzeiten an Wochen-enden f\u00fcr Maschinen mit hoher L\u00e4rm-emissionen.<br \/><br \/><strong>Fallschrimspringer<\/strong><br \/>&#8211; Maximal ein Flugwochenende pro Monat<br \/>&#8211; Samstag bis 18:00 Uhr, Sonntag bis 17:00 Uhr<br \/>&#8211; Kein Sprungbetrieb an Feiertagen<br \/><br \/>Um unsere Forderungen besser durchstetzen zu k\u00f6nnen ben\u00f6tigen wir Hilfe aus der Bev\u00f6lkerung &#8211; Ihre Unterst\u00fctzung<br \/><a href=\"https:\/\/vfs-fehraltorf.ch\/cms\/anmeldung\/\"> <span style=\"color: #f1aa10;\">Werden Sie Mitglieg, G\u00f6nner oder Sympathisant<\/span><\/a><\/p>\t\t\t\t\t\t\t\t<\/div>\n\t\t\t\t<\/div>\n\t\t\t\t\t<\/div>\n\t\t\t\t<\/div>\n\t\t<div class=\"elementor-element elementor-element-bbc43ed e-flex e-con-boxed e-con e-parent\" data-id=\"bbc43ed\" data-element_type=\"container\" data-e-type=\"container\">\n\t\t\t\t\t<div class=\"e-con-inner\">\n\t\t\t\t<div class=\"elementor-element elementor-element-2727e4c elementor-widget__width-initial elementor-widget elementor-widget-text-editor\" data-id=\"2727e4c\" data-element_type=\"widget\" data-e-type=\"widget\" data-widget_type=\"text-editor.default\">\n\t\t\t\t<div class=\"elementor-widget-container\">\n\t\t\t\t\t\t\t\t\t<p>Der Verein VFS akzeptiert einen massvollen Flugbetrieb auf dem Flugplatz Speck, wehrt sich aber gegend die zunehmende L\u00e4rmbel\u00e4stigung und die sch\u00e4dlichen Folgen des zivilen Luftverkehrs inklusive der Kleinaviatik und der Helikopterfliegerei in den Gemeinden Fehraltorf, Pf\u00e4ffikon, Russikon, Hittnau und Uster.<\/p><p>Wir haben \u00fcber die letzten Jahre mit der FGZO (Flugsportgruppe Z\u00fcrcher Oberland) so manchen harten Dialog gef\u00fchrt. Gleichzeitig hat sich aber auch das Verst\u00e4ndnis f\u00fcr die Anliegen beider Seiten verst\u00e4rkt. Probleme k\u00f6nnen heute vielfach bilateral besprochen und auch einer L\u00f6sung zugef\u00fchrt werden. Wir werden auch \u00fcber zuk\u00fcnftige ver\u00e4nderungen im Speck fr\u00fchzeitig informiert und in Entscheidungsfindungen eingebunden. Dies gr\u00fcndet auf ein aufgebautes Vertrauen und ist eine solide Basis f\u00fcr eine weitere konstruktive Zusammenarbeit.<\/p>\t\t\t\t\t\t\t\t<\/div>\n\t\t\t\t<\/div>\n\t\t\t\t<div class=\"elementor-element elementor-element-0d0a4a1 elementor-widget elementor-widget-image\" data-id=\"0d0a4a1\" data-element_type=\"widget\" data-e-type=\"widget\" data-widget_type=\"image.default\">\n\t\t\t\t<div class=\"elementor-widget-container\">\n\t\t\t\t\t\t\t\t\t\t\t\t\t\t\t<img decoding=\"async\" width=\"1024\" height=\"768\" src=\"https:\/\/vfs-fehraltorf.ch\/cms\/wp-content\/uploads\/2024\/04\/177116-Russikon20\u201320349-1024x768.jpg\" class=\"attachment-large size-large wp-image-54\" alt=\"\" srcset=\"https:\/\/vfs-fehraltorf.ch\/cms\/wp-content\/uploads\/2024\/04\/177116-Russikon20\u201320349-1024x768.jpg 1024w, https:\/\/vfs-fehraltorf.ch\/cms\/wp-content\/uploads\/2024\/04\/177116-Russikon20\u201320349-300x225.jpg 300w, https:\/\/vfs-fehraltorf.ch\/cms\/wp-content\/uploads\/2024\/04\/177116-Russikon20\u201320349-768x576.jpg 768w, https:\/\/vfs-fehraltorf.ch\/cms\/wp-content\/uploads\/2024\/04\/177116-Russikon20\u201320349.jpg 1500w\" sizes=\"(max-width: 1024px) 100vw, 1024px\" \/>\t\t\t\t\t\t\t\t\t\t\t\t\t\t\t<\/div>\n\t\t\t\t<\/div>\n\t\t\t\t\t<\/div>\n\t\t\t\t<\/div>\n\t\t\t\t<\/div>\n\t\t","protected":false},"excerpt":{"rendered":"<p>\u00dcber uns WESHALB BRAUCHT ES EINEN VEREIN GEGN FLUGL\u00c4RM FLUGFELD SPECK? Seit dem Hangarneubau haben sich die Aktivit\u00e4ten auf dem Flugfeld Speck stetig entwickelt. Stark zugenommen hat vor allem die Schulung, was zu vermehrten L\u00e4rmbel\u00e4stigungen f\u00fchrte. Im selben Zeitraum wurde die Infrastuktur des Flugplatzes Schritt um Schritt erweitert. Unsere Aktivit\u00e4ten \u00fcber die letzten Jahre haben&hellip;&nbsp;<a href=\"https:\/\/vfs-fehraltorf.ch\/cms\/ueber-uns\/\" rel=\"bookmark\">Weiterlesen &raquo;<span class=\"screen-reader-text\">\u00dcber uns<\/span><\/a><\/p>\n","protected":false},"author":1,"featured_media":0,"parent":0,"menu_order":0,"comment_status":"closed","ping_status":"closed","template":"page-templates\/template-pagebuilder-full-width.php","meta":{"neve_meta_sidebar":"","neve_meta_container":"","neve_meta_enable_content_width":"","neve_meta_content_width":0,"neve_meta_title_alignment":"","neve_meta_author_avatar":"","neve_post_elements_order":"","neve_meta_disable_header":"","neve_meta_disable_footer":"","neve_meta_disable_title":"","footnotes":""},"class_list":["post-99","page","type-page","status-publish","hentry"],"_links":{"self":[{"href":"https:\/\/vfs-fehraltorf.ch\/cms\/wp-json\/wp\/v2\/pages\/99","targetHints":{"allow":["GET"]}}],"collection":[{"href":"https:\/\/vfs-fehraltorf.ch\/cms\/wp-json\/wp\/v2\/pages"}],"about":[{"href":"https:\/\/vfs-fehraltorf.ch\/cms\/wp-json\/wp\/v2\/types\/page"}],"author":[{"embeddable":true,"href":"https:\/\/vfs-fehraltorf.ch\/cms\/wp-json\/wp\/v2\/users\/1"}],"replies":[{"embeddable":true,"href":"https:\/\/vfs-fehraltorf.ch\/cms\/wp-json\/wp\/v2\/comments?post=99"}],"version-history":[{"count":24,"href":"https:\/\/vfs-fehraltorf.ch\/cms\/wp-json\/wp\/v2\/pages\/99\/revisions"}],"predecessor-version":[{"id":899,"href":"https:\/\/vfs-fehraltorf.ch\/cms\/wp-json\/wp\/v2\/pages\/99\/revisions\/899"}],"wp:attachment":[{"href":"https:\/\/vfs-fehraltorf.ch\/cms\/wp-json\/wp\/v2\/media?parent=99"}],"curies":[{"name":"wp","href":"https:\/\/api.w.org\/{rel}","templated":true}]}}